{"id":81,"date":"2024-02-13T09:38:32","date_gmt":"2024-02-13T09:38:32","guid":{"rendered":"https:\/\/iskolanagyrede.hu\/wp\/?page_id=81"},"modified":"2026-02-11T14:49:00","modified_gmt":"2026-02-11T14:49:00","slug":"egyhazak-tajekoztatoja","status":"publish","type":"page","link":"https:\/\/iskolanagyrede.hu\/wp\/egyhazak-tajekoztatoja\/","title":{"rendered":"Egyh\u00e1zak t\u00e1j\u00e9koztat\u00f3ja"},"content":{"rendered":"\n<p>Sz\u00fcl\u0151i t\u00e1j\u00e9koztat\u00e1s &#8211; Magyar Katolikus Egyh\u00e1z<\/p>\n\n\n\n<figure class=\"wp-block-image size-large\"><img loading=\"lazy\" decoding=\"async\" width=\"1024\" height=\"722\" src=\"https:\/\/iskolanagyrede.hu\/wp\/wp-content\/uploads\/2024\/02\/image-1024x722.png\" alt=\"\" class=\"wp-image-82\" srcset=\"https:\/\/iskolanagyrede.hu\/wp\/wp-content\/uploads\/2024\/02\/image-1024x722.png 1024w, https:\/\/iskolanagyrede.hu\/wp\/wp-content\/uploads\/2024\/02\/image-300x211.png 300w, https:\/\/iskolanagyrede.hu\/wp\/wp-content\/uploads\/2024\/02\/image-768x541.png 768w, https:\/\/iskolanagyrede.hu\/wp\/wp-content\/uploads\/2024\/02\/image.png 1155w\" sizes=\"auto, (max-width: 1024px) 100vw, 1024px\" \/><\/figure>\n\n\n\n<p><\/p>\n\n\n\n<p>Sz\u00fcl\u0151i t\u00e1j\u00e9koztat\u00f3 &#8211; Magyarorsz\u00e1gi Reform\u00e1tus Egyh\u00e1z<\/p>\n\n\n\n<div data-wp-interactive=\"core\/file\" class=\"wp-block-file\"><object data-wp-bind--hidden=\"!state.hasPdfPreview\" hidden class=\"wp-block-file__embed\" data=\"https:\/\/iskolanagyrede.hu\/wp\/wp-content\/uploads\/2026\/02\/Szuloi-tajekoztato_2026_Reformatus-Egyhaz.pdf\" type=\"application\/pdf\" style=\"width:100%;height:600px\" aria-label=\"Sz\u00fcl\u0151i t\u00e1j\u00e9koztat\u00f3_2026_Reform\u00e1tus Egyh\u00e1z be\u00e1gyaz\u00e1sa\"><\/object><a id=\"wp-block-file--media-14472b38-4bc3-484e-9256-f7ddb3cf3e8e\" href=\"https:\/\/iskolanagyrede.hu\/wp\/wp-content\/uploads\/2026\/02\/Szuloi-tajekoztato_2026_Reformatus-Egyhaz.pdf\">Sz\u00fcl\u0151i t\u00e1j\u00e9koztat\u00f3_2026_Reform\u00e1tus Egyh\u00e1z<\/a><\/div>\n","protected":false},"excerpt":{"rendered":"<p>Sz\u00fcl\u0151i t\u00e1j\u00e9koztat\u00e1s &#8211; Magyar Katolikus Egyh\u00e1z Sz\u00fcl\u0151i t\u00e1j\u00e9koztat\u00f3 &#8211; Magyarorsz\u00e1gi Reform\u00e1tus Egyh\u00e1z<\/p>\n","protected":false},"author":2,"featured_media":0,"parent":0,"menu_order":0,"comment_status":"closed","ping_status":"closed","template":"","meta":{"ngg_post_thumbnail":0,"footnotes":""},"class_list":["post-81","page","type-page","status-publish","hentry"],"_links":{"self":[{"href":"https:\/\/iskolanagyrede.hu\/wp\/wp-json\/wp\/v2\/pages\/81","targetHints":{"allow":["GET"]}}],"collection":[{"href":"https:\/\/iskolanagyrede.hu\/wp\/wp-json\/wp\/v2\/pages"}],"about":[{"href":"https:\/\/iskolanagyrede.hu\/wp\/wp-json\/wp\/v2\/types\/page"}],"author":[{"embeddable":true,"href":"https:\/\/iskolanagyrede.hu\/wp\/wp-json\/wp\/v2\/users\/2"}],"replies":[{"embeddable":true,"href":"https:\/\/iskolanagyrede.hu\/wp\/wp-json\/wp\/v2\/comments?post=81"}],"version-history":[{"count":7,"href":"https:\/\/iskolanagyrede.hu\/wp\/wp-json\/wp\/v2\/pages\/81\/revisions"}],"predecessor-version":[{"id":884,"href":"https:\/\/iskolanagyrede.hu\/wp\/wp-json\/wp\/v2\/pages\/81\/revisions\/884"}],"wp:attachment":[{"href":"https:\/\/iskolanagyrede.hu\/wp\/wp-json\/wp\/v2\/media?parent=81"}],"curies":[{"name":"wp","href":"https:\/\/api.w.org\/{rel}","templated":true}]}}