{"id":87,"date":"2024-02-13T09:40:35","date_gmt":"2024-02-13T09:40:35","guid":{"rendered":"https:\/\/iskolanagyrede.hu\/wp\/?page_id=87"},"modified":"2024-03-07T08:32:07","modified_gmt":"2024-03-07T08:32:07","slug":"hatartalanul-2023","status":"publish","type":"page","link":"https:\/\/iskolanagyrede.hu\/wp\/palyazatok\/hatartalanul-2023\/","title":{"rendered":"Hat\u00e1rtalanul 2022"},"content":{"rendered":"\n<p><strong>Hat\u00e1rtalanul \u00datinapl\u00f3<\/strong>&nbsp;                 <strong>HAT-KP-1-2022\/1-001289&nbsp;<\/strong>&nbsp;&nbsp;&nbsp;&nbsp;&nbsp;&nbsp;&nbsp;&nbsp;&nbsp;&nbsp;&nbsp;&nbsp;&nbsp;&nbsp;&nbsp;&nbsp; <\/p>\n\n\n\n<p><strong>Erd\u00e9lyorsz\u00e1g, az \u00e9n haz\u00e1m<\/strong><\/p>\n\n\n\n<p><\/p>\n\n\n\n<p><strong>1. nap<\/strong><\/p>\n\n\n\n<p class=\"has-text-align-left\">2023. \u00e1prilis 24. Nagyr\u00e9de, hajnali 5 \u00f3ra<\/p>\n\n\n\n<p class=\"has-text-align-left\">A hat\u00e1rt Nagyv\u00e1radn\u00e1l l\u00e9pt\u00fck \u00e1t. Nagyv\u00e1radot szokt\u00e1k ,,K\u00f6r\u00f6s Menti P\u00e1rizsnak\u201d is nevezni. Lakoss\u00e1g\u00e1nak kb. 25 sz\u00e1zal\u00e9ka magyar. Az \u00f6sszlakoss\u00e1g 184 000 f\u0151 k\u00f6r\u00fcl mozog. I. L\u00e1szl\u00f3 Kir\u00e1lyunk alak\u00edtott itt p\u00fcsp\u00f6ks\u00e9get. 1920-ban a Trianoni b\u00e9keszerz\u0151d\u00e9s ut\u00e1n ker\u00fclt Rom\u00e1ni\u00e1hoz, kor\u00e1bban a Magyar Kir\u00e1lys\u00e1ghoz tartozott. K\u00f6vetkez\u0151 meg\u00e1ll\u00f3nk a Kir\u00e1ly-h\u00e1g\u00f3 volt. Kolozsv\u00e1r t\u00f6bbek k\u00f6z\u00f6tt h\u00edress\u00e9 v\u00e1lt M\u00e1ty\u00e1s Kir\u00e1ly \u00e9s Bocskai Istv\u00e1n fejedelem sz\u00fcl\u0151v\u00e1rosak\u00e9nt. Felkerest\u00fck M\u00e1ty\u00e1s Kir\u00e1ly lovasszobr\u00e1t, sz\u00fcl\u0151h\u00e1z\u00e1t, a Szent Mih\u00e1ly templomot \u00e9s a H\u00e1zsong\u00e1rdi temet\u0151ben Rem\u00e9nyik S\u00e1ndor s\u00edrhely\u00e9t, ahol meghallgattuk egyik vers\u00e9t: ,, Eredj ha tudsz\u201d c\u00edmmel. Ezt k\u00f6vet\u0151en elindultunk sz\u00e1ll\u00e1sunkra Parajdra, a Csat\u00e1ri Panzi\u00f3ba.<\/p>\n\n\n\n<p><strong>2. nap<\/strong><\/p>\n\n\n\n<p>2023. \u00e1prilis 25.<\/p>\n\n\n\n<p>F\u00f6lkerest\u00fck Farkaslak\u00e1n Tam\u00e1si \u00c1ron s\u00edreml\u00e9k\u00e9t, majd tov\u00e1bb utazva Szejkef\u00fcrd\u0151n \u00e1lltunk meg, ahol tisztelet\u00fcnket tett\u00fck Orb\u00e1n Bal\u00e1zs, a sz\u00e9kelyf\u00f6ld le\u00edr\u00f3j\u00e1nak s\u00edrhely\u00e9n\u00e9l. Ezt k\u00f6vet\u0151en vid\u00e1m \u00e9lm\u00e9nyekben volt r\u00e9sz\u00fcnk a ,,mini Erd\u00e9ly\u201d megtekint\u00e9se kapcs\u00e1n. Utunkat a Gyimesekbe folytattuk. Elment\u00fcnk az Ezer\u00e9ves hat\u00e1rhoz, valamint felkerest\u00fck az \u00c1rp\u00e1dh\u00e1zi Szent Erzs\u00e9bet L\u00edceum pap tan\u00e1r\u00e1t, Bersz\u00e1n Lajos aty\u00e1t, aki mes\u00e9lt nek\u00fcnk az iskola t\u00f6rt\u00e9net\u00e9r\u0151l.<\/p>\n\n\n\n<p><strong>3. nap<\/strong><\/p>\n\n\n\n<p>2023. \u00e1prilis 26.<\/p>\n\n\n\n<p>A d\u00e9lel\u0151tt\u00f6t a Parajdi S\u00f3b\u00e1ny\u00e1ban t\u00f6lt\u00f6tt\u00fck, majd a korondi iskol\u00e1t l\u00e1togattuk meg, ahol az igazgat\u00f3asszony bemutatta Korondot, valamint az iskol\u00e1t \u00e9s lehetett egy ottani oszt\u00e1llyal k\u00f6tetlen besz\u00e9lget\u00e9st folytatni. D\u00e9lut\u00e1n egy korondi fazekascsal\u00e1d m\u0171hely\u00e9be l\u00e1togattunk el, ahol megismerkedhett\u00fcnk a ker\u00e1miak\u00e9sz\u00edt\u00e9s mesters\u00e9g\u00e9vel.<\/p>\n\n\n\n<p><strong>4. nap<\/strong><\/p>\n\n\n\n<p>2023. \u00e1prilis 27.<\/p>\n\n\n\n<p>Erre a napra a B\u00e9k\u00e1s-Szoros \u00e9s a Gyilkos-t\u00f3 felkeres\u00e9s\u00e9t tervezt\u00fck. Utunkat ez\u00e9rt a Gyergy\u00f3i-medence fel\u00e9 vett\u00fck a Bucsin-tet\u0151n \u00e1t. Odafel\u00e9 menet a helyi kalauzunkat, Eigel Tibort vett\u00fck fel Gyergy\u00f3szentmikl\u00f3son. Megl\u00e1togattuk a Gyergy\u00f3sz\u00e1rhegyi L\u00e1z\u00e1rkast\u00e9lyt is. Nek\u00fcnk a B\u00e9k\u00e1s-szoros nagyon tetszett a hatalmas szikl\u00e1k miatt.<\/p>\n\n\n\n<p><strong>5. nap<\/strong><\/p>\n\n\n\n<p>2023. \u00e1prilis 28.<\/p>\n\n\n\n<p>Reggeli ut\u00e1n a m\u00e9lt\u00e1n h\u00edres Cs\u00edksomly\u00f3i Kegytemplomot kerest\u00fck fel, ahol k\u00e9rt\u00fck a cs\u00edksomly\u00f3i M\u00e1ri\u00e1t, (vagy, ahogy a cs\u00e1ng\u00f3k nevezik: ,,Napba \u00f6lt\u00f6z\u00f6tt Babba M\u00e1ria\u201d) teljes\u00edtsen egy k\u00edv\u00e1ns\u00e1gunkat. K\u00f6vetkez\u0151 programok ezen a napon a Mohos-T\u0151zegl\u00e1p \u00e9s a Szent Anna-t\u00f3 felkeres\u00e9se volt.&nbsp; Nagyon tetszett a l\u00e1p sz\u00edness\u00e9ge. Hazafel\u00e9 v\u00e9ve az ir\u00e1nyt nem hagyhattuk ki a nyergestet\u0151i eml\u00e9khely felkeres\u00e9s\u00e9t. ,,K\u00e1ny\u00e1di S\u00e1ndor: Nyergestet\u0151\u201d c\u00edm\u0171 vers\u00e9t is meghallgattuk. M\u00e9g ezen a napon bet\u00e9rt\u00fcnk Cs\u00edkszered\u00e1ba sz\u00e9tn\u00e9zni.<\/p>\n\n\n\n<p><strong>6. nap<\/strong><\/p>\n\n\n\n<p>2023. \u00e1prilis 29.<\/p>\n\n\n\n<p>Hazafel\u00e9 indulva felkerest\u00fck a szalmakalap m\u00fazeumot K\u0151rispatakon, ahol az egyik oszt\u00e1lyt\u00e1rsam nagyapja dolgozik. F\u00e1raszt\u00f3, de egy nagyon \u00e9lm\u00e9nyd\u00fas hetet hagytunk magunk m\u00f6g\u00f6tt.<\/p>\n\n\n\n<p>Orosz Viktor, Kett\u0151s Andor<\/p>\n\n\n\n<p><\/p>\n\n\n\n<figure class=\"wp-block-image size-large is-resized\"><img loading=\"lazy\" decoding=\"async\" width=\"1024\" height=\"768\" src=\"https:\/\/iskolanagyrede.hu\/wp\/wp-content\/uploads\/2024\/03\/1-1-1024x768.jpg\" alt=\"\" class=\"wp-image-364\" style=\"width:834px;height:auto\" srcset=\"https:\/\/iskolanagyrede.hu\/wp\/wp-content\/uploads\/2024\/03\/1-1-1024x768.jpg 1024w, https:\/\/iskolanagyrede.hu\/wp\/wp-content\/uploads\/2024\/03\/1-1-300x225.jpg 300w, https:\/\/iskolanagyrede.hu\/wp\/wp-content\/uploads\/2024\/03\/1-1-768x576.jpg 768w, https:\/\/iskolanagyrede.hu\/wp\/wp-content\/uploads\/2024\/03\/1-1-1536x1152.jpg 1536w, https:\/\/iskolanagyrede.hu\/wp\/wp-content\/uploads\/2024\/03\/1-1.jpg 2048w\" sizes=\"auto, (max-width: 1024px) 100vw, 1024px\" \/><\/figure>\n\n\n\n<p><\/p>\n\n\n\n<figure class=\"wp-block-image size-large is-resized\"><img loading=\"lazy\" decoding=\"async\" width=\"1024\" height=\"768\" src=\"https:\/\/iskolanagyrede.hu\/wp\/wp-content\/uploads\/2024\/03\/2-1-1024x768.jpg\" alt=\"\" class=\"wp-image-365\" style=\"width:837px;height:auto\" srcset=\"https:\/\/iskolanagyrede.hu\/wp\/wp-content\/uploads\/2024\/03\/2-1-1024x768.jpg 1024w, https:\/\/iskolanagyrede.hu\/wp\/wp-content\/uploads\/2024\/03\/2-1-300x225.jpg 300w, https:\/\/iskolanagyrede.hu\/wp\/wp-content\/uploads\/2024\/03\/2-1-768x576.jpg 768w, https:\/\/iskolanagyrede.hu\/wp\/wp-content\/uploads\/2024\/03\/2-1-1536x1152.jpg 1536w, https:\/\/iskolanagyrede.hu\/wp\/wp-content\/uploads\/2024\/03\/2-1.jpg 2048w\" sizes=\"auto, (max-width: 1024px) 100vw, 1024px\" \/><\/figure>\n\n\n\n<p><\/p>\n\n\n\n<figure class=\"wp-block-image size-large is-resized\"><img loading=\"lazy\" decoding=\"async\" width=\"1024\" height=\"768\" src=\"https:\/\/iskolanagyrede.hu\/wp\/wp-content\/uploads\/2024\/03\/4-1-1024x768.jpg\" alt=\"\" class=\"wp-image-367\" style=\"width:840px;height:auto\" srcset=\"https:\/\/iskolanagyrede.hu\/wp\/wp-content\/uploads\/2024\/03\/4-1-1024x768.jpg 1024w, https:\/\/iskolanagyrede.hu\/wp\/wp-content\/uploads\/2024\/03\/4-1-300x225.jpg 300w, https:\/\/iskolanagyrede.hu\/wp\/wp-content\/uploads\/2024\/03\/4-1-768x576.jpg 768w, https:\/\/iskolanagyrede.hu\/wp\/wp-content\/uploads\/2024\/03\/4-1-1536x1152.jpg 1536w, https:\/\/iskolanagyrede.hu\/wp\/wp-content\/uploads\/2024\/03\/4-1.jpg 2048w\" sizes=\"auto, (max-width: 1024px) 100vw, 1024px\" \/><\/figure>\n\n\n\n<p><\/p>\n\n\n\n<figure class=\"wp-block-image size-large\"><img loading=\"lazy\" decoding=\"async\" width=\"768\" height=\"1024\" src=\"https:\/\/iskolanagyrede.hu\/wp\/wp-content\/uploads\/2024\/03\/5-1-768x1024.jpg\" alt=\"\" class=\"wp-image-369\" srcset=\"https:\/\/iskolanagyrede.hu\/wp\/wp-content\/uploads\/2024\/03\/5-1-768x1024.jpg 768w, https:\/\/iskolanagyrede.hu\/wp\/wp-content\/uploads\/2024\/03\/5-1-225x300.jpg 225w, https:\/\/iskolanagyrede.hu\/wp\/wp-content\/uploads\/2024\/03\/5-1-1152x1536.jpg 1152w, https:\/\/iskolanagyrede.hu\/wp\/wp-content\/uploads\/2024\/03\/5-1.jpg 1536w\" sizes=\"auto, (max-width: 768px) 100vw, 768px\" \/><\/figure>\n\n\n\n<p><\/p>\n\n\n\n<figure class=\"wp-block-image size-large\"><img loading=\"lazy\" decoding=\"async\" width=\"1024\" height=\"768\" src=\"https:\/\/iskolanagyrede.hu\/wp\/wp-content\/uploads\/2024\/03\/6-1-1024x768.jpg\" alt=\"\" class=\"wp-image-370\" srcset=\"https:\/\/iskolanagyrede.hu\/wp\/wp-content\/uploads\/2024\/03\/6-1-1024x768.jpg 1024w, https:\/\/iskolanagyrede.hu\/wp\/wp-content\/uploads\/2024\/03\/6-1-300x225.jpg 300w, https:\/\/iskolanagyrede.hu\/wp\/wp-content\/uploads\/2024\/03\/6-1-768x576.jpg 768w, https:\/\/iskolanagyrede.hu\/wp\/wp-content\/uploads\/2024\/03\/6-1-1536x1152.jpg 1536w, https:\/\/iskolanagyrede.hu\/wp\/wp-content\/uploads\/2024\/03\/6-1.jpg 2048w\" sizes=\"auto, (max-width: 1024px) 100vw, 1024px\" \/><\/figure>\n\n\n\n<p><\/p>\n\n\n\n<figure class=\"wp-block-image size-large\"><img loading=\"lazy\" decoding=\"async\" width=\"1024\" height=\"768\" src=\"https:\/\/iskolanagyrede.hu\/wp\/wp-content\/uploads\/2024\/03\/7-1-1024x768.jpg\" alt=\"\" class=\"wp-image-371\" srcset=\"https:\/\/iskolanagyrede.hu\/wp\/wp-content\/uploads\/2024\/03\/7-1-1024x768.jpg 1024w, https:\/\/iskolanagyrede.hu\/wp\/wp-content\/uploads\/2024\/03\/7-1-300x225.jpg 300w, https:\/\/iskolanagyrede.hu\/wp\/wp-content\/uploads\/2024\/03\/7-1-768x576.jpg 768w, https:\/\/iskolanagyrede.hu\/wp\/wp-content\/uploads\/2024\/03\/7-1-1536x1152.jpg 1536w, https:\/\/iskolanagyrede.hu\/wp\/wp-content\/uploads\/2024\/03\/7-1.jpg 2048w\" sizes=\"auto, (max-width: 1024px) 100vw, 1024px\" \/><\/figure>\n\n\n\n<p><\/p>\n\n\n\n<figure class=\"wp-block-image size-large\"><img loading=\"lazy\" decoding=\"async\" width=\"2048\" height=\"1536\" src=\"https:\/\/iskolanagyrede.hu\/wp\/wp-content\/uploads\/2024\/03\/8-1024x768.jpg\" alt=\"\" class=\"wp-image-372\" srcset=\"https:\/\/iskolanagyrede.hu\/wp\/wp-content\/uploads\/2024\/03\/8-1024x768.jpg 1024w, https:\/\/iskolanagyrede.hu\/wp\/wp-content\/uploads\/2024\/03\/8-300x225.jpg 300w, https:\/\/iskolanagyrede.hu\/wp\/wp-content\/uploads\/2024\/03\/8-768x576.jpg 768w, https:\/\/iskolanagyrede.hu\/wp\/wp-content\/uploads\/2024\/03\/8-1536x1152.jpg 1536w, https:\/\/iskolanagyrede.hu\/wp\/wp-content\/uploads\/2024\/03\/8.jpg 2048w\" sizes=\"auto, (max-width: 2048px) 100vw, 2048px\" \/><\/figure>\n\n\n\n<p><\/p>\n\n\n\n<figure class=\"wp-block-image size-large\"><img loading=\"lazy\" decoding=\"async\" width=\"1024\" height=\"768\" src=\"https:\/\/iskolanagyrede.hu\/wp\/wp-content\/uploads\/2024\/03\/9-1024x768.jpg\" alt=\"\" class=\"wp-image-373\" srcset=\"https:\/\/iskolanagyrede.hu\/wp\/wp-content\/uploads\/2024\/03\/9-1024x768.jpg 1024w, https:\/\/iskolanagyrede.hu\/wp\/wp-content\/uploads\/2024\/03\/9-300x225.jpg 300w, https:\/\/iskolanagyrede.hu\/wp\/wp-content\/uploads\/2024\/03\/9-768x576.jpg 768w, https:\/\/iskolanagyrede.hu\/wp\/wp-content\/uploads\/2024\/03\/9-1536x1152.jpg 1536w, https:\/\/iskolanagyrede.hu\/wp\/wp-content\/uploads\/2024\/03\/9.jpg 2048w\" sizes=\"auto, (max-width: 1024px) 100vw, 1024px\" \/><\/figure>\n\n\n\n<p><\/p>\n\n\n\n<figure class=\"wp-block-image size-large\"><img loading=\"lazy\" decoding=\"async\" width=\"1024\" height=\"768\" src=\"https:\/\/iskolanagyrede.hu\/wp\/wp-content\/uploads\/2024\/03\/11-1024x768.jpg\" alt=\"\" class=\"wp-image-375\" srcset=\"https:\/\/iskolanagyrede.hu\/wp\/wp-content\/uploads\/2024\/03\/11-1024x768.jpg 1024w, https:\/\/iskolanagyrede.hu\/wp\/wp-content\/uploads\/2024\/03\/11-300x225.jpg 300w, https:\/\/iskolanagyrede.hu\/wp\/wp-content\/uploads\/2024\/03\/11-768x576.jpg 768w, https:\/\/iskolanagyrede.hu\/wp\/wp-content\/uploads\/2024\/03\/11-1536x1152.jpg 1536w, https:\/\/iskolanagyrede.hu\/wp\/wp-content\/uploads\/2024\/03\/11.jpg 2048w\" sizes=\"auto, (max-width: 1024px) 100vw, 1024px\" \/><\/figure>\n\n\n\n<p><\/p>\n\n\n\n<figure class=\"wp-block-image size-large\"><img loading=\"lazy\" decoding=\"async\" width=\"1024\" height=\"768\" src=\"https:\/\/iskolanagyrede.hu\/wp\/wp-content\/uploads\/2024\/03\/15-1024x768.jpg\" alt=\"\" class=\"wp-image-376\" srcset=\"https:\/\/iskolanagyrede.hu\/wp\/wp-content\/uploads\/2024\/03\/15-1024x768.jpg 1024w, https:\/\/iskolanagyrede.hu\/wp\/wp-content\/uploads\/2024\/03\/15-300x225.jpg 300w, https:\/\/iskolanagyrede.hu\/wp\/wp-content\/uploads\/2024\/03\/15-768x576.jpg 768w, https:\/\/iskolanagyrede.hu\/wp\/wp-content\/uploads\/2024\/03\/15-1536x1152.jpg 1536w, https:\/\/iskolanagyrede.hu\/wp\/wp-content\/uploads\/2024\/03\/15.jpg 2048w\" sizes=\"auto, (max-width: 1024px) 100vw, 1024px\" \/><\/figure>\n\n\n\n<p><\/p>\n\n\n\n<figure class=\"wp-block-image size-large\"><img loading=\"lazy\" decoding=\"async\" width=\"1024\" height=\"768\" src=\"https:\/\/iskolanagyrede.hu\/wp\/wp-content\/uploads\/2024\/03\/16-1024x768.jpg\" alt=\"\" class=\"wp-image-377\" srcset=\"https:\/\/iskolanagyrede.hu\/wp\/wp-content\/uploads\/2024\/03\/16-1024x768.jpg 1024w, https:\/\/iskolanagyrede.hu\/wp\/wp-content\/uploads\/2024\/03\/16-300x225.jpg 300w, https:\/\/iskolanagyrede.hu\/wp\/wp-content\/uploads\/2024\/03\/16-768x576.jpg 768w, https:\/\/iskolanagyrede.hu\/wp\/wp-content\/uploads\/2024\/03\/16-1536x1152.jpg 1536w, https:\/\/iskolanagyrede.hu\/wp\/wp-content\/uploads\/2024\/03\/16.jpg 2048w\" sizes=\"auto, (max-width: 1024px) 100vw, 1024px\" \/><\/figure>\n","protected":false},"excerpt":{"rendered":"<p>Hat\u00e1rtalanul \u00datinapl\u00f3&nbsp; HAT-KP-1-2022\/1-001289&nbsp;&nbsp;&nbsp;&nbsp;&nbsp;&nbsp;&nbsp;&nbsp;&nbsp;&nbsp;&nbsp;&nbsp;&nbsp;&nbsp;&nbsp;&nbsp;&nbsp; Erd\u00e9lyorsz\u00e1g, az \u00e9n haz\u00e1m 1. nap 2023. \u00e1prilis 24. Nagyr\u00e9de, hajnali 5 \u00f3ra A hat\u00e1rt Nagyv\u00e1radn\u00e1l l\u00e9pt\u00fck \u00e1t. Nagyv\u00e1radot szokt\u00e1k ,,K\u00f6r\u00f6s Menti P\u00e1rizsnak\u201d is nevezni. Lakoss\u00e1g\u00e1nak kb. 25 sz\u00e1zal\u00e9ka magyar. Az \u00f6sszlakoss\u00e1g 184 000 f\u0151 k\u00f6r\u00fcl mozog. I. L\u00e1szl\u00f3 Kir\u00e1lyunk alak\u00edtott itt p\u00fcsp\u00f6ks\u00e9get. 1920-ban a Trianoni b\u00e9keszerz\u0151d\u00e9s ut\u00e1n ker\u00fclt Rom\u00e1ni\u00e1hoz, kor\u00e1bban a [&hellip;]<\/p>\n","protected":false},"author":2,"featured_media":0,"parent":48,"menu_order":0,"comment_status":"closed","ping_status":"closed","template":"","meta":{"ngg_post_thumbnail":0,"footnotes":""},"class_list":["post-87","page","type-page","status-publish","hentry"],"_links":{"self":[{"href":"https:\/\/iskolanagyrede.hu\/wp\/wp-json\/wp\/v2\/pages\/87","targetHints":{"allow":["GET"]}}],"collection":[{"href":"https:\/\/iskolanagyrede.hu\/wp\/wp-json\/wp\/v2\/pages"}],"about":[{"href":"https:\/\/iskolanagyrede.hu\/wp\/wp-json\/wp\/v2\/types\/page"}],"author":[{"embeddable":true,"href":"https:\/\/iskolanagyrede.hu\/wp\/wp-json\/wp\/v2\/users\/2"}],"replies":[{"embeddable":true,"href":"https:\/\/iskolanagyrede.hu\/wp\/wp-json\/wp\/v2\/comments?post=87"}],"version-history":[{"count":18,"href":"https:\/\/iskolanagyrede.hu\/wp\/wp-json\/wp\/v2\/pages\/87\/revisions"}],"predecessor-version":[{"id":388,"href":"https:\/\/iskolanagyrede.hu\/wp\/wp-json\/wp\/v2\/pages\/87\/revisions\/388"}],"up":[{"embeddable":true,"href":"https:\/\/iskolanagyrede.hu\/wp\/wp-json\/wp\/v2\/pages\/48"}],"wp:attachment":[{"href":"https:\/\/iskolanagyrede.hu\/wp\/wp-json\/wp\/v2\/media?parent=87"}],"curies":[{"name":"wp","href":"https:\/\/api.w.org\/{rel}","templated":true}]}}